{"id":119,"date":"2023-10-13T07:32:06","date_gmt":"2023-10-13T07:32:06","guid":{"rendered":"https:\/\/www.transimex.com.tr\/contact\/"},"modified":"2023-11-11T08:53:30","modified_gmt":"2023-11-11T08:53:30","slug":"contact","status":"publish","type":"page","link":"https:\/\/www.transimex.com.tr\/en\/contact\/","title":{"rendered":"Contact"},"content":{"rendered":"[vc_row][vc_column width=&#8221;1\/2&#8243;][mk_fancy_title color=&#8221;#3e64af&#8221; size=&#8221;22&#8243; font_weight=&#8221;600&#8243; font_family=&#8221;none&#8221;]TRANSIMEX DI\u015e T\u0130CARET LTD. \u015eT\u0130.[\/mk_fancy_title][mk_icon_box icon=&#8221;mk-icon-map-marker&#8221; text_size=&#8221;18&#8243; font_weight=&#8221;600&#8243; style=&#8221;simple_ultimate&#8221; icon_size=&#8221;medium&#8221;]<strong>Address:<\/strong><br \/>\n15 Temmuz Mah. Ba\u011flar Cad. No: 3-5\/2, Toya Next Sit. A2 Blok \u0130\u00e7 Kap\u0131 No: 118, Ba\u011fc\u0131lar, 34212 \u0130stanbul, T\u00fcrkiye[\/mk_icon_box][mk_icon_box icon=&#8221;mk-moon-phone-3&#8243; text_size=&#8221;18&#8243; font_weight=&#8221;600&#8243; style=&#8221;simple_ultimate&#8221; icon_size=&#8221;medium&#8221;]<strong>Phone:<\/strong> +90 212 809 2848<br \/>\n<strong>Fax:<\/strong> +90 212 801 5878[\/mk_icon_box][mk_icon_box icon=&#8221;mk-li-mail&#8221; text_size=&#8221;18&#8243; font_weight=&#8221;600&#8243; style=&#8221;simple_ultimate&#8221; icon_size=&#8221;medium&#8221;]<strong>E-mail:<\/strong><br \/>\n<a href=\"mailto:sales@transimex.com.tr\">sales@transimex.com.tr<\/a>[\/mk_icon_box][\/vc_column][vc_column width=&#8221;1\/2&#8243;][vc_raw_html]PGlmcmFtZSBzcmM9Imh0dHBzOi8vd3d3Lmdvb2dsZS5jb20vbWFwcy9lbWJlZD9wYj0hMW0xNCExbTghMW0zITFkMTExMjU0LjgxMTA4NTg5NTA4ITJkMjguNzU2Nzg4MDAzMjkwMDgzITNkNDEuMDQyMjcxNDA3MDQ4MjchM20yITFpMTAyNCEyaTc2OCE0ZjEzLjEhM20zITFtMiExczB4MTRjYWE1NmE3ZmNjYjFjZCUzQTB4ZDhiYTk1ODUxZWU3NWM3ZSEyc1RyYW5zaW1leCUyMEQlQzQlQjElQzUlOUYlMjBUaWNhcmV0JTIwTHRkLiUyMCVDNSU5RXRpLiE1ZTAhM20yITFzdHIhMnN0ciE0djE2NTQ0OTk0OTM1MTchNW0yITFzdHIhMnN0ciIgd2lkdGg9IjEwMCUiIGhlaWdodD0iNDAwIiBzdHlsZT0iYm9yZGVyOjA7IiBhbGxvd2Z1bGxzY3JlZW49IiIgbG9hZGluZz0ibGF6eSIgcmVmZXJyZXJwb2xpY3k9Im5vLXJlZmVycmVyLXdoZW4tZG93bmdyYWRlIj48L2lmcmFtZT4=[\/vc_raw_html][\/vc_column][\/vc_row]\n","protected":false},"excerpt":{"rendered":"<p>[vc_row][vc_column width=&#8221;1\/2&#8243;][mk_fancy_title color=&#8221;#3e64af&#8221; size=&#8221;22&#8243; font_weight=&#8221;600&#8243; font_family=&#8221;none&#8221;]TRANSIMEX DI\u015e T\u0130CARET LTD. \u015eT\u0130.[\/mk_fancy_title][mk_icon_box icon=&#8221;mk-icon-map-marker&#8221; text_size=&#8221;18&#8243; font_weight=&#8221;600&#8243; style=&#8221;simple_ultimate&#8221; icon_size=&#8221;medium&#8221;]Address: 15 Temmuz Mah. Ba\u011flar Cad. No: 3-5\/2, Toya Next Sit. A2 Blok \u0130\u00e7 Kap\u0131 No: 118, Ba\u011fc\u0131lar, 34212 \u0130stanbul, T\u00fcrkiye[\/mk_icon_box][mk_icon_box icon=&#8221;mk-moon-phone-3&#8243; text_size=&#8221;18&#8243; font_weight=&#8221;600&#8243; style=&#8221;simple_ultimate&#8221; icon_size=&#8221;medium&#8221;]Phone: +90 212 809 2848 Fax: +90 212 801 5878[\/mk_icon_box][mk_icon_box icon=&#8221;mk-li-mail&#8221; text_size=&#8221;18&#8243; font_weight=&#8221;600&#8243; style=&#8221;simple_ultimate&#8221; icon_size=&#8221;medium&#8221;]E-mail: sales@transimex.com.tr[\/mk_icon_box][\/vc_column][vc_column [&hellip;]<\/p>\n","protected":false},"author":1,"featured_media":0,"parent":0,"menu_order":0,"comment_status":"closed","ping_status":"closed","template":"","meta":{"footnotes":""},"class_list":["post-119","page","type-page","status-publish","hentry"],"_links":{"self":[{"href":"https:\/\/www.transimex.com.tr\/en\/wp-json\/wp\/v2\/pages\/119","targetHints":{"allow":["GET"]}}],"collection":[{"href":"https:\/\/www.transimex.com.tr\/en\/wp-json\/wp\/v2\/pages"}],"about":[{"href":"https:\/\/www.transimex.com.tr\/en\/wp-json\/wp\/v2\/types\/page"}],"author":[{"embeddable":true,"href":"https:\/\/www.transimex.com.tr\/en\/wp-json\/wp\/v2\/users\/1"}],"replies":[{"embeddable":true,"href":"https:\/\/www.transimex.com.tr\/en\/wp-json\/wp\/v2\/comments?post=119"}],"version-history":[{"count":5,"href":"https:\/\/www.transimex.com.tr\/en\/wp-json\/wp\/v2\/pages\/119\/revisions"}],"predecessor-version":[{"id":124,"href":"https:\/\/www.transimex.com.tr\/en\/wp-json\/wp\/v2\/pages\/119\/revisions\/124"}],"wp:attachment":[{"href":"https:\/\/www.transimex.com.tr\/en\/wp-json\/wp\/v2\/media?parent=119"}],"curies":[{"name":"wp","href":"https:\/\/api.w.org\/{rel}","templated":true}]}}