{"id":163,"date":"2023-10-13T07:35:46","date_gmt":"2023-10-13T07:35:46","guid":{"rendered":"https:\/\/www.transimex.com.tr\/acceuil\/"},"modified":"2023-11-14T11:32:52","modified_gmt":"2023-11-14T11:32:52","slug":"acceuil","status":"publish","type":"page","link":"https:\/\/www.transimex.com.tr\/fr\/","title":{"rendered":"Acceuil"},"content":{"rendered":"[vc_row fullwidth=\u00a0\u00bbtrue\u00a0\u00bb][vc_column]\n\t\t\t<!-- START Slider 1 REVOLUTION SLIDER 6.5.24 --><p class=\"rs-p-wp-fix\"><\/p>\n\t\t\t<rs-module-wrap id=\"rev_slider_1_1_wrapper\" data-source=\"gallery\" style=\"visibility:hidden;background:transparent;padding:0;margin:0px auto;margin-top:0;margin-bottom:0;background-image:url(https:\/\/www.transimex.com.tr\/wp-content\/uploads\/2023\/10\/banner2-4.jpg);background-repeat:no-repeat;background-size:cover;background-position:center center;\">\n\t\t\t\t<rs-module id=\"rev_slider_1_1\" style=\"\" data-version=\"6.5.24\">\n\t\t\t\t\t<rs-slides>\n\t\t\t\t\t\t<rs-slide style=\"position: absolute;\" data-key=\"rs-1\" data-title=\"Slide\" data-in=\"o:0;\" data-out=\"a:false;\">\n\t\t\t\t\t\t\t<img decoding=\"async\" src=\"\/\/www.transimex.com.tr\/wp-content\/plugins\/revslider\/public\/assets\/assets\/dummy.png\" alt=\"Slide\" title=\"Acceuil\" class=\"rev-slidebg tp-rs-img rs-lazyload\" data-lazyload=\"\/\/www.transimex.com.tr\/wp-content\/plugins\/revslider\/public\/assets\/assets\/transparent.png\" data-no-retina>\n<!---->\t\t\t\t\t\t<\/rs-slide>\n\t\t\t\t\t<\/rs-slides>\n\t\t\t\t<\/rs-module>\n\t\t\t\t<script>\n\t\t\t\t\tsetREVStartSize({c: 'rev_slider_1_1',rl:[1240,1024,778,480],el:[720],gw:[1920],gh:[720],type:'hero',justify:'',layout:'fullwidth',mh:\"0\"});if (window.RS_MODULES!==undefined && window.RS_MODULES.modules!==undefined && window.RS_MODULES.modules[\"revslider11\"]!==undefined) {window.RS_MODULES.modules[\"revslider11\"].once = false;window.revapi1 = undefined;if (window.RS_MODULES.checkMinimal!==undefined) window.RS_MODULES.checkMinimal()}\n\t\t\t\t<\/script>\n\t\t\t<\/rs-module-wrap>\n\t\t\t<!-- END REVOLUTION SLIDER -->\n[\/vc_column][\/vc_row][vc_row parallax=\u00a0\u00bbcontent-moving-fade\u00a0\u00bb parallax_image=\u00a0\u00bb155&Prime; css=\u00a0\u00bb.vc_custom_1654758825986{padding-top: 50px !important;padding-right: 50px !important;padding-bottom: 50px !important;padding-left: 50px !important;}\u00a0\u00bb][vc_column][mk_steps icon_1=\u00a0\u00bbmk-icon-truck\u00a0\u00bb title_1=\u00a0\u00bbTRANSport\u00a0\u00bb icon_2=\u00a0\u00bbmk-moon-arrow-down-16&Prime; title_2=\u00a0\u00bbIMport\u00a0\u00bb icon_3=\u00a0\u00bbmk-moon-arrow-up-16&Prime; title_3=\u00a0\u00bbEXport\u00a0\u00bb icon_4=\u00a0\u00bbmk-icon-paper-plane\u00a0\u00bb title_4=\u00a0\u00bbTRANSIMEX\u00a0\u00bb][\/vc_column][\/vc_row][vc_row fullwidth=\u00a0\u00bbtrue\u00a0\u00bb attached=\u00a0\u00bbtrue\u00a0\u00bb css=\u00a0\u00bb.vc_custom_1654758975563{margin-top: 0px !important;margin-right: 0px !important;margin-bottom: 0px !important;margin-left: 0px !important;padding-top: 0px !important;padding-right: 0px !important;padding-bottom: 0px !important;padding-left: 0px !important;background-color: #f7f7f7 !important;}\u00a0\u00bb][vc_column width=\u00a0\u00bb1\/2&Prime; css=\u00a0\u00bb.vc_custom_1654758745355{padding-top: 5% !important;padding-right: 10% !important;padding-bottom: 5% !important;padding-left: 10% !important;}\u00a0\u00bb][mk_fancy_title color=\u00a0\u00bb#3e64af\u00a0\u00bb size=\u00a0\u00bb24&Prime; font_weight=\u00a0\u00bb600&Prime; font_family=\u00a0\u00bbnone\u00a0\u00bb]\u00c0 propos de Transimex[\/mk_fancy_title][vc_column_text css=\u00a0\u00bb.vc_custom_1697190010539{margin-bottom: 0px !important;}\u00a0\u00bb]<strong>TRANSIMEX<\/strong> a \u00e9t\u00e9 cr\u00e9\u00e9e pour mettre \u00e0 la disposition des importateurs de produits et mati\u00e8res en provenance de Turquie un partenaire capable de r\u00e9pondre \u00e0 toutes leurs attentes, y compris le transport routier et maritime, vers toute l\u2019Europe et l\u2019Afrique du Nord.[\/vc_column_text][mk_button_gradient dimension=\u00a0\u00bbflat\u00a0\u00bb size=\u00a0\u00bbmedium\u00a0\u00bb corner_style=\u00a0\u00bbrounded\u00a0\u00bb grandient_color_from=\u00a0\u00bb#77cbc7&Prime; grandient_color_to=\u00a0\u00bb#3e64af\u00a0\u00bb grandient_color_angle=\u00a0\u00bbdiagonal_left_bottom\u00a0\u00bb url=\u00a0\u00bb\/hakkimizda\u00a0\u00bb margin_top=\u00a0\u00bb15&Prime; margin_bottom=\u00a0\u00bb0&Prime; margin_right=\u00a0\u00bb0&Prime;]En savoir plus[\/mk_button_gradient][\/vc_column][vc_column width=\u00a0\u00bb1\/2&Prime;][vc_single_image image=\u00a0\u00bb41&Prime; img_size=\u00a0\u00bbfull\u00a0\u00bb alignment=\u00a0\u00bbcenter\u00a0\u00bb css_animation=\u00a0\u00bbtop-to-bottom\u00a0\u00bb css=\u00a0\u00bb.vc_custom_1697190106291{margin-top: 0px !important;margin-right: 0px !important;margin-bottom: 0px !important;margin-left: 0px !important;padding-top: 0px !important;padding-right: 0px !important;padding-bottom: 0px !important;padding-left: 0px !important;}\u00a0\u00bb][\/vc_column][\/vc_row]\n","protected":false},"excerpt":{"rendered":"<p>[vc_row fullwidth=\u00a0\u00bbtrue\u00a0\u00bb][vc_column][\/vc_column][\/vc_row][vc_row parallax=\u00a0\u00bbcontent-moving-fade\u00a0\u00bb parallax_image=\u00a0\u00bb155&Prime; css=\u00a0\u00bb.vc_custom_1654758825986{padding-top: 50px !important;padding-right: 50px !important;padding-bottom: 50px !important;padding-left: 50px !important;}\u00a0\u00bb][vc_column][mk_steps icon_1=\u00a0\u00bbmk-icon-truck\u00a0\u00bb title_1=\u00a0\u00bbTRANSport\u00a0\u00bb icon_2=\u00a0\u00bbmk-moon-arrow-down-16&Prime; title_2=\u00a0\u00bbIMport\u00a0\u00bb icon_3=\u00a0\u00bbmk-moon-arrow-up-16&Prime; title_3=\u00a0\u00bbEXport\u00a0\u00bb icon_4=\u00a0\u00bbmk-icon-paper-plane\u00a0\u00bb title_4=\u00a0\u00bbTRANSIMEX\u00a0\u00bb][\/vc_column][\/vc_row][vc_row fullwidth=\u00a0\u00bbtrue\u00a0\u00bb attached=\u00a0\u00bbtrue\u00a0\u00bb css=\u00a0\u00bb.vc_custom_1654758975563{margin-top: 0px !important;margin-right: 0px !important;margin-bottom: 0px !important;margin-left: 0px !important;padding-top: 0px !important;padding-right: 0px !important;padding-bottom: 0px !important;padding-left: 0px !important;background-color: #f7f7f7 !important;}\u00a0\u00bb][vc_column width=\u00a0\u00bb1\/2&Prime; css=\u00a0\u00bb.vc_custom_1654758745355{padding-top: 5% !important;padding-right: 10% !important;padding-bottom: 5% !important;padding-left: 10% !important;}\u00a0\u00bb][mk_fancy_title color=\u00a0\u00bb#3e64af\u00a0\u00bb size=\u00a0\u00bb24&Prime; font_weight=\u00a0\u00bb600&Prime; [&hellip;]<\/p>\n","protected":false},"author":1,"featured_media":0,"parent":0,"menu_order":0,"comment_status":"closed","ping_status":"closed","template":"","meta":{"footnotes":""},"class_list":["post-163","page","type-page","status-publish","hentry"],"_links":{"self":[{"href":"https:\/\/www.transimex.com.tr\/fr\/wp-json\/wp\/v2\/pages\/163","targetHints":{"allow":["GET"]}}],"collection":[{"href":"https:\/\/www.transimex.com.tr\/fr\/wp-json\/wp\/v2\/pages"}],"about":[{"href":"https:\/\/www.transimex.com.tr\/fr\/wp-json\/wp\/v2\/types\/page"}],"author":[{"embeddable":true,"href":"https:\/\/www.transimex.com.tr\/fr\/wp-json\/wp\/v2\/users\/1"}],"replies":[{"embeddable":true,"href":"https:\/\/www.transimex.com.tr\/fr\/wp-json\/wp\/v2\/comments?post=163"}],"version-history":[{"count":2,"href":"https:\/\/www.transimex.com.tr\/fr\/wp-json\/wp\/v2\/pages\/163\/revisions"}],"predecessor-version":[{"id":165,"href":"https:\/\/www.transimex.com.tr\/fr\/wp-json\/wp\/v2\/pages\/163\/revisions\/165"}],"wp:attachment":[{"href":"https:\/\/www.transimex.com.tr\/fr\/wp-json\/wp\/v2\/media?parent=163"}],"curies":[{"name":"wp","href":"https:\/\/api.w.org\/{rel}","templated":true}]}}