{"id":166,"date":"2023-10-13T07:32:06","date_gmt":"2023-10-13T07:32:06","guid":{"rendered":"https:\/\/www.transimex.com.tr\/contactez-nous\/"},"modified":"2023-11-14T10:56:16","modified_gmt":"2023-11-14T10:56:16","slug":"contactez-nous","status":"publish","type":"page","link":"https:\/\/www.transimex.com.tr\/fr\/contactez-nous\/","title":{"rendered":"Contactez nous"},"content":{"rendered":"[vc_row][vc_column width=\u00a0\u00bb1\/2&Prime;][mk_fancy_title color=\u00a0\u00bb#3e64af\u00a0\u00bb size=\u00a0\u00bb22&Prime; font_weight=\u00a0\u00bb600&Prime; font_family=\u00a0\u00bbnone\u00a0\u00bb]TRANSIMEX DI\u015e T\u0130CARET LTD. \u015eT\u0130.[\/mk_fancy_title][mk_icon_box icon=\u00a0\u00bbmk-icon-map-marker\u00a0\u00bb text_size=\u00a0\u00bb18&Prime; font_weight=\u00a0\u00bb600&Prime; style=\u00a0\u00bbsimple_ultimate\u00a0\u00bb icon_size=\u00a0\u00bbmedium\u00a0\u00bb]<strong>Adresse:<\/strong><br \/>\n15 Temmuz Mah. Ba\u011flar Cad. No: 3-5\/2, Toya Next Sit. A2 Blok \u0130\u00e7 Kap\u0131 No: 118, Ba\u011fc\u0131lar, 34212 \u0130stanbul, T\u00fcrkiye[\/mk_icon_box][mk_icon_box icon=\u00a0\u00bbmk-moon-phone-3&Prime; text_size=\u00a0\u00bb18&Prime; font_weight=\u00a0\u00bb600&Prime; style=\u00a0\u00bbsimple_ultimate\u00a0\u00bb icon_size=\u00a0\u00bbmedium\u00a0\u00bb]<strong>T\u00e9l\u00e9phone:<\/strong> +90 212 809 2848<br \/>\n<strong>Fax:<\/strong> +90 212 801 5878[\/mk_icon_box][mk_icon_box icon=\u00a0\u00bbmk-li-mail\u00a0\u00bb text_size=\u00a0\u00bb18&Prime; font_weight=\u00a0\u00bb600&Prime; style=\u00a0\u00bbsimple_ultimate\u00a0\u00bb icon_size=\u00a0\u00bbmedium\u00a0\u00bb]<strong>E-mail:<\/strong><br \/>\n<a href=\"mailto:sales@transimex.com.tr\">sales@transimex.com.tr<\/a>[\/mk_icon_box][\/vc_column][vc_column width=\u00a0\u00bb1\/2&Prime;][vc_raw_html]PGlmcmFtZSBzcmM9Imh0dHBzOi8vd3d3Lmdvb2dsZS5jb20vbWFwcy9lbWJlZD9wYj0hMW0xNCExbTghMW0zITFkMTExMjU0LjgxMTA4NTg5NTA4ITJkMjguNzU2Nzg4MDAzMjkwMDgzITNkNDEuMDQyMjcxNDA3MDQ4MjchM20yITFpMTAyNCEyaTc2OCE0ZjEzLjEhM20zITFtMiExczB4MTRjYWE1NmE3ZmNjYjFjZCUzQTB4ZDhiYTk1ODUxZWU3NWM3ZSEyc1RyYW5zaW1leCUyMEQlQzQlQjElQzUlOUYlMjBUaWNhcmV0JTIwTHRkLiUyMCVDNSU5RXRpLiE1ZTAhM20yITFzdHIhMnN0ciE0djE2NTQ0OTk0OTM1MTchNW0yITFzdHIhMnN0ciIgd2lkdGg9IjEwMCUiIGhlaWdodD0iNDAwIiBzdHlsZT0iYm9yZGVyOjA7IiBhbGxvd2Z1bGxzY3JlZW49IiIgbG9hZGluZz0ibGF6eSIgcmVmZXJyZXJwb2xpY3k9Im5vLXJlZmVycmVyLXdoZW4tZG93bmdyYWRlIj48L2lmcmFtZT4=[\/vc_raw_html][\/vc_column][\/vc_row]\n","protected":false},"excerpt":{"rendered":"<p>[vc_row][vc_column width=\u00a0\u00bb1\/2&Prime;][mk_fancy_title color=\u00a0\u00bb#3e64af\u00a0\u00bb size=\u00a0\u00bb22&Prime; font_weight=\u00a0\u00bb600&Prime; font_family=\u00a0\u00bbnone\u00a0\u00bb]TRANSIMEX DI\u015e T\u0130CARET LTD. \u015eT\u0130.[\/mk_fancy_title][mk_icon_box icon=\u00a0\u00bbmk-icon-map-marker\u00a0\u00bb text_size=\u00a0\u00bb18&Prime; font_weight=\u00a0\u00bb600&Prime; style=\u00a0\u00bbsimple_ultimate\u00a0\u00bb icon_size=\u00a0\u00bbmedium\u00a0\u00bb]Adresse: 15 Temmuz Mah. Ba\u011flar Cad. No: 3-5\/2, Toya Next Sit. A2 Blok \u0130\u00e7 Kap\u0131 No: 118, Ba\u011fc\u0131lar, 34212 \u0130stanbul, T\u00fcrkiye[\/mk_icon_box][mk_icon_box icon=\u00a0\u00bbmk-moon-phone-3&Prime; text_size=\u00a0\u00bb18&Prime; font_weight=\u00a0\u00bb600&Prime; style=\u00a0\u00bbsimple_ultimate\u00a0\u00bb icon_size=\u00a0\u00bbmedium\u00a0\u00bb]T\u00e9l\u00e9phone: +90 212 809 2848 Fax: +90 212 801 5878[\/mk_icon_box][mk_icon_box icon=\u00a0\u00bbmk-li-mail\u00a0\u00bb text_size=\u00a0\u00bb18&Prime; font_weight=\u00a0\u00bb600&Prime; style=\u00a0\u00bbsimple_ultimate\u00a0\u00bb icon_size=\u00a0\u00bbmedium\u00a0\u00bb]E-mail: sales@transimex.com.tr[\/mk_icon_box][\/vc_column][vc_column [&hellip;]<\/p>\n","protected":false},"author":1,"featured_media":0,"parent":0,"menu_order":0,"comment_status":"closed","ping_status":"closed","template":"","meta":{"footnotes":""},"class_list":["post-166","page","type-page","status-publish","hentry"],"_links":{"self":[{"href":"https:\/\/www.transimex.com.tr\/fr\/wp-json\/wp\/v2\/pages\/166","targetHints":{"allow":["GET"]}}],"collection":[{"href":"https:\/\/www.transimex.com.tr\/fr\/wp-json\/wp\/v2\/pages"}],"about":[{"href":"https:\/\/www.transimex.com.tr\/fr\/wp-json\/wp\/v2\/types\/page"}],"author":[{"embeddable":true,"href":"https:\/\/www.transimex.com.tr\/fr\/wp-json\/wp\/v2\/users\/1"}],"replies":[{"embeddable":true,"href":"https:\/\/www.transimex.com.tr\/fr\/wp-json\/wp\/v2\/comments?post=166"}],"version-history":[{"count":2,"href":"https:\/\/www.transimex.com.tr\/fr\/wp-json\/wp\/v2\/pages\/166\/revisions"}],"predecessor-version":[{"id":168,"href":"https:\/\/www.transimex.com.tr\/fr\/wp-json\/wp\/v2\/pages\/166\/revisions\/168"}],"wp:attachment":[{"href":"https:\/\/www.transimex.com.tr\/fr\/wp-json\/wp\/v2\/media?parent=166"}],"curies":[{"name":"wp","href":"https:\/\/api.w.org\/{rel}","templated":true}]}}