{"id":172,"date":"2023-10-12T23:13:37","date_gmt":"2023-10-12T23:13:37","guid":{"rendered":"https:\/\/www.transimex.com.tr\/politique-de-confidentialite\/"},"modified":"2023-11-14T11:00:42","modified_gmt":"2023-11-14T11:00:42","slug":"politique-de-confidentialite","status":"publish","type":"page","link":"https:\/\/www.transimex.com.tr\/fr\/politique-de-confidentialite\/","title":{"rendered":"Politique de Confidentialit\u00e9"},"content":{"rendered":"[vc_row][vc_column][vc_column_text css=\u00a0\u00bb.vc_custom_1654698191612{margin-bottom: 0px !important;}\u00a0\u00bb]En visitant notre site, vous reconnaissez et acceptez que vous avez lu l&rsquo;int\u00e9gralit\u00e9 de l&rsquo;accord d&rsquo;adh\u00e9sion et des conditions d&rsquo;utilisation du site Web et que vous comprenez parfaitement son contenu ; En acceptant que vous acceptiez et approuviez sans condition toutes les questions \u00e9nonc\u00e9es sur cette page et qui seront mentionn\u00e9es sur le site Web, vous d\u00e9clarez et vous engagez express\u00e9ment \u00e0 ne soulever aucune objection ou d\u00e9fense concernant ces questions \u00e9nonc\u00e9es.<\/p>\n<p>Les conditions d\u2019utilisation sont disponibles sur transimex.com.tr. Transimex a le droit d&rsquo;apporter des modifications \u00e0 ces conditions. <\/p>\n<p>Les utilisateurs du site Web Transimex sont r\u00e9put\u00e9s avoir accept\u00e9 les articles mis \u00e0 jour \u00e0 chaque fois qu&rsquo;ils se connectent \u00e0 transimex.com.tr.<\/p>\n<p>Le service Transimex ne peut en aucun cas \u00eatre utilis\u00e9 pour perturber l&rsquo;ordre public, violer la moralit\u00e9 publique, d\u00e9ranger ou harceler autrui, dans un but ill\u00e9gal, ou porter atteinte aux droits intellectuels et aux droits d&rsquo;auteur d&rsquo;autrui. De plus, aucune mesure ne peut \u00eatre prise qui imposerait une charge d\u00e9raisonnable ou disproportionn\u00e9e \u00e0 l&rsquo;infrastructure de Transimex. <\/p>\n<p>Le contenu et les logiciels du site Transimex, tous les droits intellectuels et financiers appartiennent \u00e0 Transimex D\u0131\u015f Ticaret Ltd. Il appartient \u00e0 \u015eti. Utilisateurs du site Transimex ; Ils n&rsquo;utiliseront aucun robot, spider ou autre dispositif automatique ou processus manuel pour surveiller et\/ou copier, reproduire, modifier la page Web de Transimex ou son contenu ou \u00e0 toute autre fin non autoris\u00e9e et sans l&rsquo;autorisation expresse et \u00e9crite de Transimex ; Ils s&rsquo;engagent \u00e0 ne pas cr\u00e9er d&rsquo;\u0153uvres d\u00e9riv\u00e9es de ce contenu ni \u00e0 l&rsquo;afficher publiquement.<\/p>\n<p>Les utilisateurs du site Transimex acceptent de n&rsquo;utiliser aucun outil, logiciel ou outil pour interf\u00e9rer ou tenter d&rsquo;interf\u00e9rer avec le fonctionnement du site Transimex, de ne pas se connecter au site et d&rsquo;effectuer des transactions sans autorisation, et de ne pas acc\u00e9der ou utiliser les logiciels et les donn\u00e9es d&rsquo;autres utilisateurs Internet sans autorisation. A d\u00e9faut, toute indemnisation et\/ou amende administrative\/judiciaire que Transimex aurait d\u00fb payer \u00e0 des \u00e9tablissements publics et\/ou \u00e0 des tiers rel\u00e8vera de l&rsquo;entier recours de l&rsquo;utilisateur. <\/p>\n<p>Les utilisateurs du site Web Transimex ne peuvent pas utiliser le site Web Transimex pour transmettre ill\u00e9galement des informations et des documents prot\u00e9g\u00e9s par le droit d&rsquo;auteur sans autorisation explicite, sans d\u00e9fense valable ou sans raison justifi\u00e9e.<\/p>\n<p>Les utilisateurs et membres du site Transimex, y compris leur utilisation du site Transimex pour se connecter \u00e0 un autre site ou pour t\u00e9l\u00e9charger du contenu et\/ou d&rsquo;autres informations sur le site, peuvent \u00eatre soumis \u00e0 des dommages et pertes de tiers du fait de leur utilisation du site, r\u00e9clamations. d\u00e9coulant de ces dommages, eux-m\u00eames et eux-m\u00eames. Ils s&rsquo;engagent \u00e0 indemniser et \u00e0 compenser leurs filiales, soci\u00e9t\u00e9s affili\u00e9es, dirigeants et repr\u00e9sentants, autres partenaires et employ\u00e9s raisonnables.<\/p>\n<p>Transimex ne garantit pas que le site Web Transimex sera ininterrompu ou sans erreur ou que des r\u00e9sultats sp\u00e9cifiques seront obtenus en utilisant le site ou son contenu ou en cr\u00e9ant un lien vers le site. Transimex ne garantit pas que les fichiers t\u00e9l\u00e9charg\u00e9s par les utilisateurs et les membres du site Transimex \u00e0 partir du site Transimex sont exempts de virus ou de fonctionnalit\u00e9s contaminantes ou destructrices. Transimex ne peut \u00eatre tenu responsable de tout dommage pouvant d\u00e9couler de l&rsquo;utilisation du site Transimex, y compris les dommages directs, indirects ou accessoires, les dommages cons\u00e9cutifs et les dommages punitifs.  <\/p>\n<p>Les membres du site Transimex ne peuvent pas communiquer leurs noms d&rsquo;utilisateur et mots de passe \u00e0 d&rsquo;autres personnes ou organisations. A d\u00e9faut, Transimex se r\u00e9serve le droit \u00e0 une indemnisation d\u00e9coulant d&rsquo;une telle utilisation. Les droits d&rsquo;utilisation dont disposent les membres Transimex gr\u00e2ce \u00e0 leur adh\u00e9sion Transimex leur appartiennent uniquement et ne peuvent \u00eatre transf\u00e9r\u00e9s \u00e0 des tiers.  <\/p>\n<p>Transimex a toujours le droit de suspendre unilat\u00e9ralement le site Internet Transimex de mani\u00e8re permanente ou temporaire.<\/p>\n<p>Transimex ne sera pas responsable de la lecture non autoris\u00e9e des informations des utilisateurs et des membres, ni de tout dommage pouvant survenir de cette mani\u00e8re aux logiciels et aux donn\u00e9es des utilisateurs et des membres. Les utilisateurs et membres s&rsquo;engagent par avance \u00e0 ne r\u00e9clamer aucune indemnisation \u00e0 Transimex pour les dommages qu&rsquo;ils pourraient subir du fait de l&rsquo;utilisation de ce service. <\/p>\n<p>Si Transimex d\u00e9tecte que les utilisateurs et les membres du site Web Transimex utilisent le site Web et l&rsquo;infrastructure Transimex en violation des termes et lois mentionn\u00e9s ci-dessus, elle a le droit de signaler l&rsquo;utilisateur aux autorit\u00e9s comp\u00e9tentes. De plus, dans une situation similaire, Transimex a le droit de prendre toutes les mesures qu&rsquo;elle juge n\u00e9cessaires. <\/p>\n<p>Les utilisateurs et membres du site Transimex qui contreviendraient \u00e0 un ou plusieurs des articles mentionn\u00e9s ci-dessus engagent leur responsabilit\u00e9 personnelle, p\u00e9nale et l\u00e9gale de cette violation. De plus, en raison de cette violation, si l&rsquo;incident est renvoy\u00e9 au domaine juridique, Transimex se r\u00e9servera le droit d&rsquo;indemniser l&rsquo;utilisateur pour le non-respect de ces conditions. <\/p>\n<p>En utilisant le site Transimex, les utilisateurs et membres du site Transimex sont r\u00e9put\u00e9s avoir accept\u00e9 qu&rsquo;en cas de litige concernant ou li\u00e9 au site, ce litige sera soumis aux lois de la R\u00e9publique de Turquie, quel que soit le conflit de r\u00e8gles des lois, et sera r\u00e9solu conform\u00e9ment \u00e0 ces lois. Ils acceptent \u00e9galement que les tribunaux d&rsquo;Istanbul seront comp\u00e9tents en termes de fonction et de lieu. [\/vc_column_text][\/vc_column][\/vc_row][vc_row][vc_column][vc_column_text]\n<p><!-- \/wp:heading -->[\/vc_column_text][\/vc_column][\/vc_row]\n","protected":false},"excerpt":{"rendered":"<p>[vc_row][vc_column][vc_column_text css=\u00a0\u00bb.vc_custom_1654698191612{margin-bottom: 0px !important;}\u00a0\u00bb]En visitant notre site, vous reconnaissez et acceptez que vous avez lu l&rsquo;int\u00e9gralit\u00e9 de l&rsquo;accord d&rsquo;adh\u00e9sion et des conditions d&rsquo;utilisation du site Web et que vous comprenez parfaitement son contenu ; En acceptant que vous acceptiez et approuviez sans condition toutes les questions \u00e9nonc\u00e9es sur cette page et qui seront mentionn\u00e9es sur [&hellip;]<\/p>\n","protected":false},"author":1,"featured_media":0,"parent":0,"menu_order":0,"comment_status":"closed","ping_status":"open","template":"","meta":{"footnotes":""},"class_list":["post-172","page","type-page","status-publish","hentry"],"_links":{"self":[{"href":"https:\/\/www.transimex.com.tr\/fr\/wp-json\/wp\/v2\/pages\/172","targetHints":{"allow":["GET"]}}],"collection":[{"href":"https:\/\/www.transimex.com.tr\/fr\/wp-json\/wp\/v2\/pages"}],"about":[{"href":"https:\/\/www.transimex.com.tr\/fr\/wp-json\/wp\/v2\/types\/page"}],"author":[{"embeddable":true,"href":"https:\/\/www.transimex.com.tr\/fr\/wp-json\/wp\/v2\/users\/1"}],"replies":[{"embeddable":true,"href":"https:\/\/www.transimex.com.tr\/fr\/wp-json\/wp\/v2\/comments?post=172"}],"version-history":[{"count":3,"href":"https:\/\/www.transimex.com.tr\/fr\/wp-json\/wp\/v2\/pages\/172\/revisions"}],"predecessor-version":[{"id":175,"href":"https:\/\/www.transimex.com.tr\/fr\/wp-json\/wp\/v2\/pages\/172\/revisions\/175"}],"wp:attachment":[{"href":"https:\/\/www.transimex.com.tr\/fr\/wp-json\/wp\/v2\/media?parent=172"}],"curies":[{"name":"wp","href":"https:\/\/api.w.org\/{rel}","templated":true}]}}