{"id":176,"date":"2023-10-13T07:27:27","date_gmt":"2023-10-13T07:27:27","guid":{"rendered":"https:\/\/www.transimex.com.tr\/a-propos-de-nous\/"},"modified":"2023-11-14T11:34:16","modified_gmt":"2023-11-14T11:34:16","slug":"a-propos-de-nous","status":"publish","type":"page","link":"https:\/\/www.transimex.com.tr\/fr\/a-propos-de-nous\/","title":{"rendered":"A Propos de Nous"},"content":{"rendered":"[vc_row][vc_column width=\u00a0\u00bb1\/2&Prime;][vc_column_text css=\u00a0\u00bb.vc_custom_1697190142875{margin-bottom: 0px !important;}\u00a0\u00bb]<strong>TRANSIMEX<\/strong> a \u00e9t\u00e9 cr\u00e9\u00e9e pour mettre \u00e0 la disposition des importateurs de produits et mati\u00e8res en provenance de Turquie un partenaire capable de r\u00e9pondre \u00e0 toutes leurs attentes, y compris le transport routier et maritime, vers toute l\u2019Europe et l\u2019Afrique du Nord.<\/p>\n<p>Pour cela, nous disposons d\u2019une \u00e9quipe de professionnels, forts de plusieurs ann\u00e9es d\u2019exp\u00e9rience dans le domaine.<\/p>\n<p>Nous disposons aussi de partenaires \u00e0 l\u2019\u00e9chelle internationale, notamment en Inde, en Cor\u00e9e du Sud, et bien entendu en Turquie, et ce dans le domaine des fibres, fils, tissus, pr\u00eat-\u00e0-porter et machinerie.[\/vc_column_text][\/vc_column][vc_column width=\u00a0\u00bb1\/2&Prime;][vc_single_image image=\u00a0\u00bb41&Prime; img_size=\u00a0\u00bbfull\u00a0\u00bb alignment=\u00a0\u00bbright\u00a0\u00bb css_animation=\u00a0\u00bbtop-to-bottom\u00a0\u00bb][\/vc_column][\/vc_row]\n","protected":false},"excerpt":{"rendered":"<p>[vc_row][vc_column width=\u00a0\u00bb1\/2&Prime;][vc_column_text css=\u00a0\u00bb.vc_custom_1697190142875{margin-bottom: 0px !important;}\u00a0\u00bb]TRANSIMEX a \u00e9t\u00e9 cr\u00e9\u00e9e pour mettre \u00e0 la disposition des importateurs de produits et mati\u00e8res en provenance de Turquie un partenaire capable de r\u00e9pondre \u00e0 toutes leurs attentes, y compris le transport routier et maritime, vers toute l\u2019Europe et l\u2019Afrique du Nord. Pour cela, nous disposons d\u2019une \u00e9quipe de professionnels, forts [&hellip;]<\/p>\n","protected":false},"author":1,"featured_media":0,"parent":0,"menu_order":0,"comment_status":"closed","ping_status":"closed","template":"","meta":{"footnotes":""},"class_list":["post-176","page","type-page","status-publish","hentry"],"_links":{"self":[{"href":"https:\/\/www.transimex.com.tr\/fr\/wp-json\/wp\/v2\/pages\/176","targetHints":{"allow":["GET"]}}],"collection":[{"href":"https:\/\/www.transimex.com.tr\/fr\/wp-json\/wp\/v2\/pages"}],"about":[{"href":"https:\/\/www.transimex.com.tr\/fr\/wp-json\/wp\/v2\/types\/page"}],"author":[{"embeddable":true,"href":"https:\/\/www.transimex.com.tr\/fr\/wp-json\/wp\/v2\/users\/1"}],"replies":[{"embeddable":true,"href":"https:\/\/www.transimex.com.tr\/fr\/wp-json\/wp\/v2\/comments?post=176"}],"version-history":[{"count":3,"href":"https:\/\/www.transimex.com.tr\/fr\/wp-json\/wp\/v2\/pages\/176\/revisions"}],"predecessor-version":[{"id":194,"href":"https:\/\/www.transimex.com.tr\/fr\/wp-json\/wp\/v2\/pages\/176\/revisions\/194"}],"wp:attachment":[{"href":"https:\/\/www.transimex.com.tr\/fr\/wp-json\/wp\/v2\/media?parent=176"}],"curies":[{"name":"wp","href":"https:\/\/api.w.org\/{rel}","templated":true}]}}