{"id":188,"date":"2023-10-13T07:29:27","date_gmt":"2023-10-13T07:29:27","guid":{"rendered":"https:\/\/www.transimex.com.tr\/transport\/"},"modified":"2023-11-14T11:31:26","modified_gmt":"2023-11-14T11:31:26","slug":"transport","status":"publish","type":"page","link":"https:\/\/www.transimex.com.tr\/fr\/transport\/","title":{"rendered":"Transport"},"content":{"rendered":"[vc_row][vc_column width=\u00a0\u00bb1\/2&Prime;][vc_column_text css=\u00a0\u00bb.vc_custom_1654359241336{margin-bottom: 0px !important;}\u00a0\u00bb]Gr\u00e2ce \u00e0 son \u00e9quipe trilingue et exp\u00e9riment\u00e9e dans le domaine du transport routier, TRANS\u0130MEX vous propose des solutions sp\u00e9cifiques pour vos transports en provenance ou vers La Turquie. Cela dans le sens export comme dans le sens import d\u2019un seul colis \u00e0 une palette ou au camion complet.[\/vc_column_text][vc_empty_space height=\u00a0\u00bb30px\u00a0\u00bb][vc_row_inner][vc_column_inner width=\u00a0\u00bb1\/2&Prime;][mk_custom_list title=\u00a0\u00bbPays desservis:\u00a0\u00bb style=\u00a0\u00bbmk-moon-earth\u00a0\u00bb animation=\u00a0\u00bbtop-to-bottom\u00a0\u00bb]\n<ul>\n<li>France<\/li>\n<li>Allemagne<\/li>\n<li>Belgique<\/li>\n<li>Hollande<\/li>\n<li>Luxembourg<\/li>\n<li>Italie<\/li>\n<li>Espagne<\/li>\n<li>L&rsquo;Autriche<\/li>\n<li>Suisse<\/li>\n<li>Angleterre<\/li>\n<\/ul>\n[\/mk_custom_list][\/vc_column_inner][vc_column_inner width=\u00a0\u00bb1\/2&Prime;][mk_custom_list title=\u00a0\u00bbTypes de marchandises transport\u00e9es:\u00a0\u00bb style=\u00a0\u00bbmk-icon-cogs\u00a0\u00bb animation=\u00a0\u00bbtop-to-bottom\u00a0\u00bb]\n<ul>\n<li>Pi\u00e8ces d\u00e9tach\u00e9es pour l\u2019industrie automobile<\/li>\n<li>Textile<\/li>\n<li>Machinerie<\/li>\n<li>Meubles<\/li>\n<li>Construction<\/li>\n<li>Emballage<\/li>\n<li>Mati\u00e8res premi\u00e8res<\/li>\n<\/ul>\n[\/mk_custom_list][mk_custom_list title=\u00a0\u00bbFlotte:\u00a0\u00bb style=\u00a0\u00bbmk-icon-truck\u00a0\u00bb animation=\u00a0\u00bbtop-to-bottom\u00a0\u00bb]\n<ul>\n<li>Tautliners Mega (2,95 mt de hauteur sous-barres) bach\u00e9.<\/li>\n<li>Fourgons Toll\u00e9s pour le transport de textiles suspendus<\/li>\n<li>Camionnettes express (livraison en 48-72 heures)<\/li>\n<\/ul>\n[\/mk_custom_list][\/vc_column_inner][\/vc_row_inner][\/vc_column][vc_column width=\u00a0\u00bb1\/2&Prime;][vc_single_image image=\u00a0\u00bb53&Prime; img_size=\u00a0\u00bbfull\u00a0\u00bb alignment=\u00a0\u00bbcenter\u00a0\u00bb css_animation=\u00a0\u00bbtop-to-bottom\u00a0\u00bb][vc_single_image image=\u00a0\u00bb54&Prime; img_size=\u00a0\u00bbfull\u00a0\u00bb alignment=\u00a0\u00bbcenter\u00a0\u00bb css_animation=\u00a0\u00bbtop-to-bottom\u00a0\u00bb][\/vc_column][\/vc_row]\n","protected":false},"excerpt":{"rendered":"<p>[vc_row][vc_column width=\u00a0\u00bb1\/2&Prime;][vc_column_text css=\u00a0\u00bb.vc_custom_1654359241336{margin-bottom: 0px !important;}\u00a0\u00bb]Gr\u00e2ce \u00e0 son \u00e9quipe trilingue et exp\u00e9riment\u00e9e dans le domaine du transport routier, TRANS\u0130MEX vous propose des solutions sp\u00e9cifiques pour vos transports en provenance ou vers La Turquie. Cela dans le sens export comme dans le sens import d\u2019un seul colis \u00e0 une palette ou au camion complet.[\/vc_column_text][vc_empty_space height=\u00a0\u00bb30px\u00a0\u00bb][vc_row_inner][vc_column_inner width=\u00a0\u00bb1\/2&Prime;][mk_custom_list title=\u00a0\u00bbPays [&hellip;]<\/p>\n","protected":false},"author":1,"featured_media":0,"parent":0,"menu_order":0,"comment_status":"closed","ping_status":"closed","template":"","meta":{"footnotes":""},"class_list":["post-188","page","type-page","status-publish","hentry"],"_links":{"self":[{"href":"https:\/\/www.transimex.com.tr\/fr\/wp-json\/wp\/v2\/pages\/188","targetHints":{"allow":["GET"]}}],"collection":[{"href":"https:\/\/www.transimex.com.tr\/fr\/wp-json\/wp\/v2\/pages"}],"about":[{"href":"https:\/\/www.transimex.com.tr\/fr\/wp-json\/wp\/v2\/types\/page"}],"author":[{"embeddable":true,"href":"https:\/\/www.transimex.com.tr\/fr\/wp-json\/wp\/v2\/users\/1"}],"replies":[{"embeddable":true,"href":"https:\/\/www.transimex.com.tr\/fr\/wp-json\/wp\/v2\/comments?post=188"}],"version-history":[{"count":2,"href":"https:\/\/www.transimex.com.tr\/fr\/wp-json\/wp\/v2\/pages\/188\/revisions"}],"predecessor-version":[{"id":190,"href":"https:\/\/www.transimex.com.tr\/fr\/wp-json\/wp\/v2\/pages\/188\/revisions\/190"}],"wp:attachment":[{"href":"https:\/\/www.transimex.com.tr\/fr\/wp-json\/wp\/v2\/media?parent=188"}],"curies":[{"name":"wp","href":"https:\/\/api.w.org\/{rel}","templated":true}]}}